{"id":43,"date":"2010-05-15T16:59:50","date_gmt":"2010-05-15T16:59:50","guid":{"rendered":"http:\/\/www.ulrich-heister.de\/ichfrei\/?page_id=43"},"modified":"2025-11-07T16:49:16","modified_gmt":"2025-11-07T15:49:16","slug":"zur-person","status":"publish","type":"page","link":"https:\/\/ulrich-heister.de\/bewusstseinsblog\/zur-person\/","title":{"rendered":"Zur Person"},"content":{"rendered":"\n<style type=\"text\/css\" data-created_by=\"avia_inline_auto\" id=\"style-css-av-z22j-a4a357e0aeaf375c7244005394424d65\">\n#top .av-special-heading.av-z22j-a4a357e0aeaf375c7244005394424d65{\npadding-bottom:10px;\n}\nbody .av-special-heading.av-z22j-a4a357e0aeaf375c7244005394424d65 .av-special-heading-tag .heading-char{\nfont-size:25px;\n}\n.av-special-heading.av-z22j-a4a357e0aeaf375c7244005394424d65 .av-subheading{\nfont-size:15px;\n}\n<\/style>\n<div  class='av-special-heading av-z22j-a4a357e0aeaf375c7244005394424d65 av-special-heading-h3 blockquote modern-quote modern-centered  avia-builder-el-0  el_before_av_one_fifth  avia-builder-el-first '><h3 class='av-special-heading-tag '  itemprop=\"headline\"  >Zur Person: Ulrich Heister<\/h3><div class=\"special-heading-border\"><div class=\"special-heading-inner-border\"><\/div><\/div><\/div>\n<div  class='flex_column av-1q7oz-2f70b5aa19a95e84154dace953717747 av_one_fifth  avia-builder-el-1  el_after_av_heading  el_before_av_three_fifth  first flex_column_div  '     ><\/div>\n\n<style type=\"text\/css\" data-created_by=\"avia_inline_auto\" id=\"style-css-av-1bn8f-91b4792a7510ebe1fcdf6638aaeacc83\">\n.flex_column.av-1bn8f-91b4792a7510ebe1fcdf6638aaeacc83{\nborder-radius:0px 0px 0px 0px;\npadding:0px 0px 0px 0px;\n}\n<\/style>\n<div  class='flex_column av-1bn8f-91b4792a7510ebe1fcdf6638aaeacc83 av_three_fifth  avia-builder-el-2  el_after_av_one_fifth  el_before_av_one_fifth  flex_column_div av-zero-column-padding  '     ><section  class='av_textblock_section av-rx7b-11ba1828aa3a5d1046a50dc08a6ed321 '   itemscope=\"itemscope\" itemtype=\"https:\/\/schema.org\/CreativeWork\" ><div class='avia_textblock'  itemprop=\"text\" ><p><a href=\"https:\/\/ulrich-heister.de\/bewusstseinsblog\/wp-content\/uploads\/2025\/11\/Website-Portrait-SoMe.jpg\"><img loading=\"lazy\" decoding=\"async\" class=\" wp-image-2617 alignleft\" src=\"https:\/\/ulrich-heister.de\/bewusstseinsblog\/wp-content\/uploads\/2025\/11\/Website-Portrait-SoMe-300x300.jpg\" alt=\"\" width=\"160\" height=\"160\" srcset=\"https:\/\/ulrich-heister.de\/bewusstseinsblog\/wp-content\/uploads\/2025\/11\/Website-Portrait-SoMe-300x300.jpg 300w, https:\/\/ulrich-heister.de\/bewusstseinsblog\/wp-content\/uploads\/2025\/11\/Website-Portrait-SoMe-80x80.jpg 80w, https:\/\/ulrich-heister.de\/bewusstseinsblog\/wp-content\/uploads\/2025\/11\/Website-Portrait-SoMe-36x36.jpg 36w, https:\/\/ulrich-heister.de\/bewusstseinsblog\/wp-content\/uploads\/2025\/11\/Website-Portrait-SoMe-180x180.jpg 180w, https:\/\/ulrich-heister.de\/bewusstseinsblog\/wp-content\/uploads\/2025\/11\/Website-Portrait-SoMe-705x705.jpg 705w, https:\/\/ulrich-heister.de\/bewusstseinsblog\/wp-content\/uploads\/2025\/11\/Website-Portrait-SoMe.jpg 714w\" sizes=\"auto, (max-width: 160px) 100vw, 160px\" \/><\/a>Ich arbeite mit Menschen, die etwas ver\u00e4ndern wollen: in ihrem eigenen Leben, in ihren Beziehungen oder im Beruf. Sie wollen ges\u00fcnder, gl\u00fccklicher und erf\u00fcllter leben. Sie m\u00f6chten Ihre Lebensfreude und Lebensqualit\u00e4t steigern. Mich begeistert die Aufgabe, f\u00fcr meine Klientinnen und Klienten einen Raum zu \u00f6ffnen: eine liebevolle, wertsch\u00e4tzende Atmosph\u00e4re, in dem sie sich entwickeln, sich selbst erfahren und ihr Leben mit Leichtigkeit und Freude in die Hand nehmen.<\/p>\n<p>Seit 1995 bin ich in eigener Praxis t\u00e4tig. Meine Schwerpunkte sind die Psychotherapie, die Hypnosetherapie und die Psychosomatik. In diesen mehr als 30 Jahren habe ich die Erfahrungen aus meiner Arbeit und zahlreichen Zusatzausbildungen zu einem sehr wirkungsvollen Ansatz weiterentwickelt. Ich begleite Klienten in Einzel- und Paarsitzungen, biete aber auch Kurse und Workshops an.<\/p>\n<p>Meine Lebensfrage \u201eWie funktioniert das?\u201c begr\u00fcndete meinen Berufsstart im naturwissenschaftlichen Bereich, bis ich diese Frage auf das Menschsein ausdehnte. Wie funktioniert Menschsein? Was bedeutet es, Mensch zu sein? Warum leidet der eine, der andere jedoch nicht? Was soll das alles hier? Diese Fragestellung lie\u00df mich tats\u00e4chlich funktionierende Methoden finden, die ich heute meistens mit Erfolg in meiner Praxis einsetze.<\/p>\n<p>M\u00f6chtest Du mehr erfahren? Willst Du Deine Themen oder Probleme l\u00f6sen? W\u00fcrdest Du gerne Deine Lebensqualit\u00e4t verbessern oder Dinge loswerden, die Dich schon l\u00e4nger belasten? <a href=\"https:\/\/ulrich-heister.de\/bewusstseinsblog\/kontakt\/\">Vereinbare einen Termin f\u00fcr eine erste telefonische Beratung oder eine Einzelsitzung!<\/a><\/p>\n<p>Ich freue mich darauf, von Dir zu h\u00f6ren!<br \/>\nUlrich Heister<\/p>\n<\/div><\/section><\/div><div  class='flex_column av-qmd7-72b5e121fe95997f0ecbe5e01176fef5 av_one_fifth  avia-builder-el-4  el_after_av_three_fifth  avia-builder-el-last  flex_column_div  '     ><\/div><\/p>\n","protected":false},"excerpt":{"rendered":"","protected":false},"author":1,"featured_media":0,"parent":0,"menu_order":5,"comment_status":"closed","ping_status":"closed","template":"","meta":{"footnotes":""},"class_list":["post-43","page","type-page","status-publish","hentry"],"_links":{"self":[{"href":"https:\/\/ulrich-heister.de\/bewusstseinsblog\/wp-json\/wp\/v2\/pages\/43","targetHints":{"allow":["GET"]}}],"collection":[{"href":"https:\/\/ulrich-heister.de\/bewusstseinsblog\/wp-json\/wp\/v2\/pages"}],"about":[{"href":"https:\/\/ulrich-heister.de\/bewusstseinsblog\/wp-json\/wp\/v2\/types\/page"}],"author":[{"embeddable":true,"href":"https:\/\/ulrich-heister.de\/bewusstseinsblog\/wp-json\/wp\/v2\/users\/1"}],"replies":[{"embeddable":true,"href":"https:\/\/ulrich-heister.de\/bewusstseinsblog\/wp-json\/wp\/v2\/comments?post=43"}],"version-history":[{"count":63,"href":"https:\/\/ulrich-heister.de\/bewusstseinsblog\/wp-json\/wp\/v2\/pages\/43\/revisions"}],"predecessor-version":[{"id":2620,"href":"https:\/\/ulrich-heister.de\/bewusstseinsblog\/wp-json\/wp\/v2\/pages\/43\/revisions\/2620"}],"wp:attachment":[{"href":"https:\/\/ulrich-heister.de\/bewusstseinsblog\/wp-json\/wp\/v2\/media?parent=43"}],"curies":[{"name":"wp","href":"https:\/\/api.w.org\/{rel}","templated":true}]}}